{"id":7,"date":"2025-03-20T01:30:34","date_gmt":"2025-03-20T00:30:34","guid":{"rendered":"http:\/\/stein-design.haus\/?page_id=7"},"modified":"2025-03-20T01:30:34","modified_gmt":"2025-03-20T00:30:34","slug":"hausprofi-jens-dein-zuverlaessiger-handwerker-in-gross-gerau","status":"publish","type":"page","link":"https:\/\/stein-design.haus\/","title":{"rendered":"Hausprofi Jens \u2013 Dein zuverl\u00e4ssiger Handwerker in Gro\u00df-Gerau"},"content":{"rendered":"\n<div class=\"wp-block-group alignfull has-global-padding is-layout-constrained wp-block-group-is-layout-constrained\" style=\"margin-top:0;margin-bottom:0\">\n<div class=\"wp-block-columns alignfull is-layout-flex wp-container-core-columns-is-layout-1 wp-block-columns-is-layout-flex\">\n<div class=\"wp-block-column is-layout-flow wp-block-column-is-layout-flow\" style=\"flex-basis:55%\">\n<div style=\"aspect-ratio:1;min-height:unset;\" class=\"wp-block-cover is-light has-aspect-ratio\"><span aria-hidden=\"true\" class=\"wp-block-cover__background has-background-dim-0 has-background-dim\" style=\"background-color:#8f845b\"><\/span><img loading=\"lazy\" decoding=\"async\" width=\"2560\" height=\"1707\" class=\"wp-block-cover__image-background wp-image-9\" alt=\"\" src=\"http:\/\/stein-design.haus\/wp-content\/uploads\/2025\/03\/AdobeStock_119085576-scaled.jpeg\" data-object-fit=\"cover\" srcset=\"https:\/\/stein-design.haus\/wp-content\/uploads\/2025\/03\/AdobeStock_119085576-scaled.jpeg 2560w, https:\/\/stein-design.haus\/wp-content\/uploads\/2025\/03\/AdobeStock_119085576-300x200.jpeg 300w, https:\/\/stein-design.haus\/wp-content\/uploads\/2025\/03\/AdobeStock_119085576-1024x683.jpeg 1024w, https:\/\/stein-design.haus\/wp-content\/uploads\/2025\/03\/AdobeStock_119085576-768x512.jpeg 768w, https:\/\/stein-design.haus\/wp-content\/uploads\/2025\/03\/AdobeStock_119085576-1536x1024.jpeg 1536w, https:\/\/stein-design.haus\/wp-content\/uploads\/2025\/03\/AdobeStock_119085576-2048x1366.jpeg 2048w\" sizes=\"auto, (max-width: 2560px) 100vw, 2560px\" \/><div class=\"wp-block-cover__inner-container is-layout-flow wp-block-cover-is-layout-flow\">\n<div style=\"height:var(--wp--preset--spacing--20)\" aria-hidden=\"true\" class=\"wp-block-spacer\"><\/div>\n<\/div><\/div>\n<\/div>\n\n\n\n<div class=\"wp-block-column is-vertically-aligned-center is-layout-flow wp-block-column-is-layout-flow\" style=\"padding-top:var(--wp--preset--spacing--60);padding-right:var(--wp--preset--spacing--60);padding-bottom:var(--wp--preset--spacing--60);padding-left:var(--wp--preset--spacing--60)\">\n<h2 class=\"wp-block-heading has-xx-large-font-size\">Jens Hermann<\/h2>\n\n\n\n<p><strong>Stein &amp; Design<\/strong><\/p>\n\n\n\n<p class=\"has-medium-font-size\"><strong>Design trifft Handwerk \u2013 Naturstein &amp; Fliesen in Perfektion<\/strong><\/p>\n\n\n\n<p class=\"has-medium-font-size\">Lassen Sie sich inspirieren! Von <strong>ma\u00dfgeschneiderten Natursteinfl\u00e4chen<\/strong> bis zu <strong>hochwertigen Fliesenarbeiten<\/strong> \u2013 wir realisieren <strong>stilvolle &amp; langlebige L\u00f6sungen<\/strong> f\u00fcr Ihr Zuhause. Pr\u00e4zision, Qualit\u00e4t &amp; echtes Handwerk aus einer Hand!<\/p>\n\n\n\n<p class=\"has-medium-font-size\"><strong>Rufen Sie mich an!<\/strong> Tel.: 0172- 5794159<\/p>\n<\/div>\n<\/div>\n<\/div>\n\n\n\n<div class=\"wp-block-group alignfull has-global-padding is-layout-constrained wp-container-core-group-is-layout-2 wp-block-group-is-layout-constrained\" style=\"margin-top:0;margin-bottom:0;padding-top:var(--wp--preset--spacing--60);padding-bottom:var(--wp--preset--spacing--60)\">\n<h2 class=\"wp-block-heading alignwide has-text-align-center has-x-large-font-size\">Ihr Spezialist f\u00fcr Naturstein und Fliesen<\/h2>\n\n\n\n<div class=\"wp-block-buttons alignwide has-custom-font-size has-medium-font-size is-content-justification-center is-layout-flex wp-container-core-buttons-is-layout-1 wp-block-buttons-is-layout-flex\">\n<div class=\"wp-block-button\"><a class=\"wp-block-button__link wp-element-button\">Naturstein<\/a><\/div>\n\n\n\n<div class=\"wp-block-button\"><a class=\"wp-block-button__link wp-element-button\">Fliesen<\/a><\/div>\n\n\n\n<div class=\"wp-block-button\"><a class=\"wp-block-button__link wp-element-button\">Rollrasen<\/a><\/div>\n\n\n\n<div class=\"wp-block-button\"><a class=\"wp-block-button__link wp-element-button\">Maurerarbeiten<\/a><\/div>\n\n\n\n<div class=\"wp-block-button\"><a class=\"wp-block-button__link wp-element-button\">B\u00e4der<\/a><\/div>\n\n\n\n<div class=\"wp-block-button\"><a class=\"wp-block-button__link wp-element-button\">Renovierungen<\/a><\/div>\n\n\n\n<div class=\"wp-block-button\"><a class=\"wp-block-button__link wp-element-button\">Gartenbau<\/a><\/div>\n\n\n\n<div class=\"wp-block-button\"><a class=\"wp-block-button__link wp-element-button\">und vieles mehr&#8230;<\/a><\/div>\n<\/div>\n\n\n\n<p class=\"has-text-align-center has-medium-font-size\"><\/p>\n<\/div>\n\n\n\n<div class=\"wp-block-group alignfull has-global-padding is-layout-constrained wp-block-group-is-layout-constrained\" style=\"margin-top:0;margin-bottom:0;padding-top:var(--wp--preset--spacing--50);padding-bottom:var(--wp--preset--spacing--50)\">\n<div class=\"wp-block-columns alignwide is-layout-flex wp-container-core-columns-is-layout-2 wp-block-columns-is-layout-flex\">\n<div class=\"wp-block-column is-vertically-aligned-center is-layout-flow wp-block-column-is-layout-flow\">\n<h2 class=\"wp-block-heading has-xx-large-font-size\">\u00dcber mich<\/h2>\n\n\n\n<p class=\"has-medium-font-size\"><strong>Design trifft Handwerk \u2013 Naturstein &amp; Fliesen in Perfektion\u201c<\/strong><\/p>\n\n\n\n<p>Lassen Sie sich inspirieren! Mit <strong>\u00fcber 15 Jahren Erfahrung<\/strong> in der Verarbeitung von <strong>Naturstein &amp; Fliesen<\/strong> verwandeln wir R\u00e4ume und Au\u00dfenbereiche in wahre Wohlf\u00fchloasen. <strong>Hochwertige Materialien, pr\u00e4zise Handwerkskunst und ein starkes Netzwerk aus Experten<\/strong> garantieren langlebige &amp; stilvolle Ergebnisse \u2013 individuell auf Ihre W\u00fcnsche abgestimmt.<\/p>\n\n\n\n<p>Ob <strong>eine exklusive Naturstein-Terrasse, stilvolle Fliesenarbeiten im Bad oder pr\u00e4zise Mosaikverlegungen<\/strong> \u2013 wir setzen jedes Projekt mit <strong>Leidenschaft und Perfektion<\/strong> um. Vertrauen Sie auf echte Handwerkskunst und erleben Sie die Verbindung von <strong>\u00c4sthetik &amp; Qualit\u00e4t, die ein Leben lang h\u00e4lt.<\/strong><\/p>\n\n\n\n<p>\ud83d\udd39 <strong>Pers\u00f6nliche Beratung und individuelle L\u00f6sungen<\/strong><br>\ud83d\udd39 <strong>Hochwertige Verarbeitung f\u00fcr Innen und Au\u00dfen<\/strong><br>\ud83d\udd39 <strong>Meisterhafte Detailarbeit f\u00fcr einzigartige Designs<\/strong><\/p>\n\n\n\n<p class=\"has-medium-font-size\">\ud83d\udcde <em>Jetzt unverbindlich anfragen und Ihr Projekt starten!<\/em> Tel.: 0172- 5794159<\/p>\n<\/div>\n\n\n\n<div class=\"wp-block-column is-vertically-aligned-center is-layout-flow wp-block-column-is-layout-flow\">\n<figure class=\"wp-block-image size-full\"><img loading=\"lazy\" decoding=\"async\" width=\"1000\" height=\"667\" src=\"http:\/\/stein-design.haus\/wp-content\/uploads\/2025\/03\/AdobeStock_119087558_Preview.jpeg\" alt=\"\" class=\"wp-image-10\" style=\"aspect-ratio:1;object-fit:cover\" srcset=\"https:\/\/stein-design.haus\/wp-content\/uploads\/2025\/03\/AdobeStock_119087558_Preview.jpeg 1000w, https:\/\/stein-design.haus\/wp-content\/uploads\/2025\/03\/AdobeStock_119087558_Preview-300x200.jpeg 300w, https:\/\/stein-design.haus\/wp-content\/uploads\/2025\/03\/AdobeStock_119087558_Preview-768x512.jpeg 768w\" sizes=\"auto, (max-width: 1000px) 100vw, 1000px\" \/><\/figure>\n<\/div>\n<\/div>\n<\/div>\n\n\n\n<div class=\"wp-block-group alignfull is-style-default has-global-padding is-layout-constrained wp-block-group-is-layout-constrained\" style=\"margin-top:0;margin-bottom:0;padding-top:var(--wp--preset--spacing--60);padding-bottom:var(--wp--preset--spacing--60)\">\n<div class=\"wp-block-columns alignwide is-layout-flex wp-container-core-columns-is-layout-4 wp-block-columns-is-layout-flex\">\n<div class=\"wp-block-column is-layout-flow wp-block-column-is-layout-flow\" style=\"flex-basis:60%\">\n<div class=\"wp-block-group is-vertical is-layout-flex wp-container-core-group-is-layout-4 wp-block-group-is-layout-flex\" style=\"padding-bottom:var(--wp--preset--spacing--30)\">\n<h2 class=\"wp-block-heading\">Internationale Ausgaben<\/h2>\n\n\n\n<p class=\"has-medium-font-size\">The Stories Book wird bei diesen internationalen H\u00e4ndlern erh\u00e4ltlich sein.<\/p>\n<\/div>\n<\/div>\n\n\n\n<div class=\"wp-block-column is-layout-flow wp-block-column-is-layout-flow\" style=\"flex-basis:40%\">\n<div class=\"wp-block-columns is-layout-flex wp-container-core-columns-is-layout-3 wp-block-columns-is-layout-flex\">\n<div class=\"wp-block-column is-layout-flow wp-container-core-column-is-layout-6 wp-block-column-is-layout-flow\">\n<div class=\"wp-block-group has-global-padding is-content-justification-left is-layout-constrained wp-container-core-group-is-layout-5 wp-block-group-is-layout-constrained\">\n<h3 class=\"wp-block-heading has-large-font-size\" style=\"font-style:normal;font-weight:500\">Australien<\/h3>\n\n\n\n<p class=\"has-medium-font-size\"><a href=\"#\">Buchhandlung<\/a><\/p>\n<\/div>\n\n\n\n<div class=\"wp-block-group has-global-padding is-content-justification-left is-layout-constrained wp-container-core-group-is-layout-6 wp-block-group-is-layout-constrained\">\n<h3 class=\"wp-block-heading has-large-font-size\" style=\"font-style:normal;font-weight:500\">Brasilien<\/h3>\n\n\n\n<p class=\"has-medium-font-size\"><a href=\"#\">Buchhandlung<\/a><\/p>\n<\/div>\n\n\n\n<div class=\"wp-block-group has-global-padding is-content-justification-left is-layout-constrained wp-container-core-group-is-layout-7 wp-block-group-is-layout-constrained\">\n<h3 class=\"wp-block-heading has-large-font-size\" style=\"font-style:normal;font-weight:500\">Kanada<\/h3>\n\n\n\n<p class=\"has-medium-font-size\"><a href=\"#\">Buchhandlung<\/a><\/p>\n<\/div>\n\n\n\n<div class=\"wp-block-group has-global-padding is-content-justification-left is-layout-constrained wp-container-core-group-is-layout-8 wp-block-group-is-layout-constrained\">\n<h3 class=\"wp-block-heading has-large-font-size\" style=\"font-style:normal;font-weight:500\">Japan<\/h3>\n\n\n\n<p class=\"has-medium-font-size\"><a href=\"#\">Buchhandlung<\/a><\/p>\n<\/div>\n<\/div>\n\n\n\n<div class=\"wp-block-column is-layout-flow wp-container-core-column-is-layout-7 wp-block-column-is-layout-flow\">\n<div class=\"wp-block-group has-global-padding is-content-justification-left is-layout-constrained wp-container-core-group-is-layout-9 wp-block-group-is-layout-constrained\">\n<h3 class=\"wp-block-heading has-large-font-size\" style=\"font-style:normal;font-weight:500\">Neuseeland<\/h3>\n\n\n\n<p class=\"has-medium-font-size\"><a href=\"#\">Buchhandlung<\/a><\/p>\n<\/div>\n\n\n\n<div class=\"wp-block-group has-global-padding is-content-justification-left is-layout-constrained wp-container-core-group-is-layout-10 wp-block-group-is-layout-constrained\">\n<h3 class=\"wp-block-heading has-large-font-size\" style=\"font-style:normal;font-weight:500\">Schweiz<\/h3>\n\n\n\n<p class=\"has-medium-font-size\"><a href=\"#\">Buchhandlung<\/a><\/p>\n<\/div>\n\n\n\n<div class=\"wp-block-group has-global-padding is-content-justification-left is-layout-constrained wp-container-core-group-is-layout-11 wp-block-group-is-layout-constrained\">\n<h3 class=\"wp-block-heading has-large-font-size\" style=\"font-style:normal;font-weight:500\">Vereinigte Staaten von Amerika<\/h3>\n\n\n\n<p class=\"has-medium-font-size\"><a href=\"#\">Buchhandlung<\/a><\/p>\n<\/div>\n\n\n\n<div class=\"wp-block-group has-global-padding is-content-justification-left is-layout-constrained wp-container-core-group-is-layout-12 wp-block-group-is-layout-constrained\">\n<h3 class=\"wp-block-heading has-large-font-size\" style=\"font-style:normal;font-weight:500\">Vereinigtes K\u00f6nigreich<\/h3>\n\n\n\n<p class=\"has-medium-font-size\"><a href=\"#\">Buchhandlung<\/a><\/p>\n<\/div>\n<\/div>\n<\/div>\n<\/div>\n<\/div>\n<\/div>\n\n\n\n<div class=\"wp-block-group alignfull has-global-padding is-layout-constrained wp-block-group-is-layout-constrained\" style=\"margin-top:0;margin-bottom:0\">\n<div class=\"wp-block-group alignwide is-layout-flow wp-container-core-group-is-layout-18 wp-block-group-is-layout-flow\" style=\"padding-top:var(--wp--preset--spacing--50);padding-bottom:var(--wp--preset--spacing--50)\">\n<h2 class=\"wp-block-heading has-x-large-font-size\">H\u00e4ufig gestellte Fragen<\/h2>\n\n\n\n<div class=\"wp-block-columns is-layout-flex wp-container-core-columns-is-layout-5 wp-block-columns-is-layout-flex\">\n<div class=\"wp-block-column is-layout-flow wp-block-column-is-layout-flow\">\n<div class=\"wp-block-group is-layout-flow wp-block-group-is-layout-flow\" style=\"border-top-color:var(--wp--preset--color--accent-6);border-top-width:1px;padding-top:var(--wp--preset--spacing--30);padding-bottom:var(--wp--preset--spacing--30)\">\n<h3 class=\"wp-block-heading\">Worum geht es in The Stories Book?<\/h3>\n\n\n\n<p>Diese exquisite Zusammenstellung zeigt eine Vielzahl an Fotografien, die die Essenz verschiedener Epochen und Kulturen einfangen und die einzigartigen Stile und Perspektiven der einzelnen K\u00fcnstler widerspiegeln.<\/p>\n<\/div>\n<\/div>\n\n\n\n<div class=\"wp-block-column is-layout-flow wp-block-column-is-layout-flow\">\n<div class=\"wp-block-group is-layout-flow wp-block-group-is-layout-flow\" style=\"border-top-color:var(--wp--preset--color--accent-6);border-top-width:1px;padding-top:var(--wp--preset--spacing--30);padding-bottom:var(--wp--preset--spacing--30)\">\n<h3 class=\"wp-block-heading\">Wie viel kostet The Stories Book?<\/h3>\n\n\n\n<p>Diese exquisite Zusammenstellung zeigt eine Vielzahl an Fotografien, die die Essenz verschiedener Epochen und Kulturen einfangen und die einzigartigen Stile und Perspektiven der einzelnen K\u00fcnstler widerspiegeln.<\/p>\n<\/div>\n<\/div>\n<\/div>\n\n\n\n<div class=\"wp-block-columns is-layout-flex wp-container-core-columns-is-layout-6 wp-block-columns-is-layout-flex\">\n<div class=\"wp-block-column is-layout-flow wp-block-column-is-layout-flow\">\n<div class=\"wp-block-group is-layout-flow wp-block-group-is-layout-flow\" style=\"border-top-color:var(--wp--preset--color--accent-6);border-top-width:1px;padding-top:var(--wp--preset--spacing--30);padding-bottom:var(--wp--preset--spacing--30)\">\n<h3 class=\"wp-block-heading\">Wann wird The Stories Book ver\u00f6ffentlicht?<\/h3>\n\n\n\n<p>Diese exquisite Zusammenstellung zeigt eine Vielzahl an Fotografien, die die Essenz verschiedener Epochen und Kulturen einfangen und die einzigartigen Stile und Perspektiven der einzelnen K\u00fcnstler widerspiegeln.<\/p>\n<\/div>\n<\/div>\n\n\n\n<div class=\"wp-block-column is-layout-flow wp-block-column-is-layout-flow\">\n<div class=\"wp-block-group is-layout-flow wp-block-group-is-layout-flow\" style=\"border-top-color:var(--wp--preset--color--accent-6);border-top-width:1px;padding-top:var(--wp--preset--spacing--30);padding-bottom:var(--wp--preset--spacing--30)\">\n<h3 class=\"wp-block-heading\">Sind signierte Kopien verf\u00fcgbar?<\/h3>\n\n\n\n<p>Diese exquisite Zusammenstellung zeigt eine Vielzahl an Fotografien, die die Essenz verschiedener Epochen und Kulturen einfangen und die einzigartigen Stile und Perspektiven der einzelnen K\u00fcnstler widerspiegeln.<\/p>\n<\/div>\n<\/div>\n<\/div>\n<\/div>\n<\/div>\n\n\n\n<aside class=\"wp-block-group alignfull is-style-section-3 has-global-padding is-layout-constrained wp-container-core-group-is-layout-21 wp-block-group-is-layout-constrained is-style-section-3--1\" style=\"margin-top:0;margin-bottom:0;padding-top:var(--wp--preset--spacing--50);padding-right:var(--wp--preset--spacing--50);padding-bottom:var(--wp--preset--spacing--50);padding-left:var(--wp--preset--spacing--50)\">\n<div class=\"wp-block-group is-vertical is-content-justification-center is-layout-flex wp-container-core-group-is-layout-20 wp-block-group-is-layout-flex\" style=\"min-height:360px;margin-top:0;margin-bottom:0\">\n<h2 class=\"wp-block-heading has-text-align-center has-xx-large-font-size\">Melde dich an, um t\u00e4gliche Geschichten zu erhalten<\/h2>\n\n\n\n<p class=\"has-text-align-center is-style-text-subtitle is-style-text-subtitle--2\">Erhalte Zugang zu einer kuratierten Sammlung von Momenten in der Zeit mit Fotos von historischer Bedeutung.<\/p>\n\n\n\n<div style=\"height:0px\" aria-hidden=\"true\" class=\"wp-block-spacer wp-container-content-1\"><\/div>\n\n\n\n<div class=\"wp-block-buttons is-content-justification-center is-layout-flex wp-container-core-buttons-is-layout-2 wp-block-buttons-is-layout-flex\">\n<div class=\"wp-block-button\"><a class=\"wp-block-button__link has-text-align-center wp-element-button\">Abonnieren<\/a><\/div>\n<\/div>\n<\/div>\n<\/aside>\n","protected":false},"excerpt":{"rendered":"<p>Jens Hermann Stein &amp; Design Design trifft Handwerk \u2013 Naturstein &amp; Fliesen in Perfektion Lassen Sie sich inspirieren! Von ma\u00dfgeschneiderten Natursteinfl\u00e4chen bis zu hochwertigen Fliesenarbeiten \u2013 wir realisieren stilvolle &amp; langlebige L\u00f6sungen f\u00fcr Ihr Zuhause. Pr\u00e4zision, Qualit\u00e4t &amp; echtes Handwerk aus einer Hand! Rufen Sie mich an! Tel.: 0172- 5794159 Ihr Spezialist f\u00fcr Naturstein und [&hellip;]<\/p>\n","protected":false},"author":1,"featured_media":0,"parent":0,"menu_order":0,"comment_status":"closed","ping_status":"closed","template":"","meta":{"footnotes":""},"class_list":["post-7","page","type-page","status-publish","hentry"],"_links":{"self":[{"href":"https:\/\/stein-design.haus\/index.php?rest_route=\/wp\/v2\/pages\/7","targetHints":{"allow":["GET"]}}],"collection":[{"href":"https:\/\/stein-design.haus\/index.php?rest_route=\/wp\/v2\/pages"}],"about":[{"href":"https:\/\/stein-design.haus\/index.php?rest_route=\/wp\/v2\/types\/page"}],"author":[{"embeddable":true,"href":"https:\/\/stein-design.haus\/index.php?rest_route=\/wp\/v2\/users\/1"}],"replies":[{"embeddable":true,"href":"https:\/\/stein-design.haus\/index.php?rest_route=%2Fwp%2Fv2%2Fcomments&post=7"}],"version-history":[{"count":2,"href":"https:\/\/stein-design.haus\/index.php?rest_route=\/wp\/v2\/pages\/7\/revisions"}],"predecessor-version":[{"id":12,"href":"https:\/\/stein-design.haus\/index.php?rest_route=\/wp\/v2\/pages\/7\/revisions\/12"}],"wp:attachment":[{"href":"https:\/\/stein-design.haus\/index.php?rest_route=%2Fwp%2Fv2%2Fmedia&parent=7"}],"curies":[{"name":"wp","href":"https:\/\/api.w.org\/{rel}","templated":true}]}}